{"id":2249,"date":"2023-04-24T17:53:46","date_gmt":"2023-04-24T17:53:46","guid":{"rendered":"https:\/\/tech4all.ai\/pre-siembra-plus\/"},"modified":"2023-12-15T18:51:29","modified_gmt":"2023-12-15T18:51:29","slug":"pre-siembra-plus","status":"publish","type":"page","link":"https:\/\/tech4all.ai\/es\/pre-siembra-plus\/","title":{"rendered":"Pre-siembra plus"},"content":{"rendered":"\t\t<div data-elementor-type=\"wp-page\" data-elementor-id=\"2249\" class=\"elementor elementor-2249 elementor-1068\" data-elementor-post-type=\"page\">\n\t\t\t\t\t\t<section class=\"elementor-section elementor-top-section elementor-element elementor-element-92b7cef elementor-section-boxed elementor-section-height-default elementor-section-height-default\" data-id=\"92b7cef\" data-element_type=\"section\" data-e-type=\"section\">\n\t\t\t\t\t\t<div class=\"elementor-container elementor-column-gap-default\">\n\t\t\t\t\t<div class=\"elementor-column elementor-col-100 elementor-top-column elementor-element elementor-element-8608317\" data-id=\"8608317\" data-element_type=\"column\" data-e-type=\"column\">\n\t\t\t<div class=\"elementor-widget-wrap elementor-element-populated\">\n\t\t\t\t\t\t<div class=\"elementor-element elementor-element-ad8cc63 elementor-widget elementor-widget-heading\" data-id=\"ad8cc63\" data-element_type=\"widget\" data-e-type=\"widget\" data-widget_type=\"heading.default\">\n\t\t\t\t<div class=\"elementor-widget-container\">\n\t\t\t\t\t<h2 class=\"elementor-heading-title elementor-size-default\">Proyecto Reasy<\/h2>\t\t\t\t<\/div>\n\t\t\t\t<\/div>\n\t\t\t\t\t<\/div>\n\t\t<\/div>\n\t\t\t\t\t<\/div>\n\t\t<\/section>\n\t\t\t\t<section class=\"elementor-section elementor-top-section elementor-element elementor-element-24c6a8d elementor-section-boxed elementor-section-height-default elementor-section-height-default\" data-id=\"24c6a8d\" data-element_type=\"section\" data-e-type=\"section\">\n\t\t\t\t\t\t<div class=\"elementor-container elementor-column-gap-default\">\n\t\t\t\t\t<div class=\"elementor-column elementor-col-100 elementor-top-column elementor-element elementor-element-0f2223b\" data-id=\"0f2223b\" data-element_type=\"column\" data-e-type=\"column\">\n\t\t\t<div class=\"elementor-widget-wrap elementor-element-populated\">\n\t\t\t\t\t\t<div class=\"elementor-element elementor-element-530c857 elementor-widget elementor-widget-image\" data-id=\"530c857\" data-element_type=\"widget\" data-e-type=\"widget\" data-widget_type=\"image.default\">\n\t\t\t\t<div class=\"elementor-widget-container\">\n\t\t\t\t\t\t\t\t\t\t\t\t\t\t\t<img fetchpriority=\"high\" decoding=\"async\" width=\"800\" height=\"134\" src=\"https:\/\/tech4all.ai\/wp-content\/uploads\/2023\/07\/logo-preseed-4-1024x171.png\" class=\"attachment-large size-large wp-image-2032\" alt=\"\" srcset=\"https:\/\/tech4all.ai\/wp-content\/uploads\/2023\/07\/logo-preseed-4-1024x171.png 1024w, https:\/\/tech4all.ai\/wp-content\/uploads\/2023\/07\/logo-preseed-4-300x50.png 300w, https:\/\/tech4all.ai\/wp-content\/uploads\/2023\/07\/logo-preseed-4-768x128.png 768w, https:\/\/tech4all.ai\/wp-content\/uploads\/2023\/07\/logo-preseed-4-1536x256.png 1536w, https:\/\/tech4all.ai\/wp-content\/uploads\/2023\/07\/logo-preseed-4-18x3.png 18w, https:\/\/tech4all.ai\/wp-content\/uploads\/2023\/07\/logo-preseed-4.png 1800w\" sizes=\"(max-width: 800px) 100vw, 800px\" \/>\t\t\t\t\t\t\t\t\t\t\t\t\t\t\t<\/div>\n\t\t\t\t<\/div>\n\t\t\t\t\t<\/div>\n\t\t<\/div>\n\t\t\t\t\t<\/div>\n\t\t<\/section>\n\t\t\t\t<section class=\"elementor-section elementor-top-section elementor-element elementor-element-dc8f949 elementor-section-boxed elementor-section-height-default elementor-section-height-default\" data-id=\"dc8f949\" data-element_type=\"section\" data-e-type=\"section\">\n\t\t\t\t\t\t<div class=\"elementor-container elementor-column-gap-default\">\n\t\t\t\t\t<div class=\"elementor-column elementor-col-100 elementor-top-column elementor-element elementor-element-fe3fb03\" data-id=\"fe3fb03\" data-element_type=\"column\" data-e-type=\"column\">\n\t\t\t<div class=\"elementor-widget-wrap elementor-element-populated\">\n\t\t\t\t\t\t<div class=\"elementor-element elementor-element-2041158 elementor-widget elementor-widget-text-editor\" data-id=\"2041158\" data-element_type=\"widget\" data-e-type=\"widget\" data-widget_type=\"text-editor.default\">\n\t\t\t\t<div class=\"elementor-widget-container\">\n\t\t\t\t\t\t\t\t\t<p><a href=\"http:\/\/www.europa.eu\/\">Enlaces CE<\/a><\/p>\n\t\t\t\t\t\t\t\t<\/div>\n\t\t\t\t<\/div>\n\t\t\t\t\t<\/div>\n\t\t<\/div>\n\t\t\t\t\t<\/div>\n\t\t<\/section>\n\t\t\t\t<section class=\"elementor-section elementor-top-section elementor-element elementor-element-ec2212f elementor-section-boxed elementor-section-height-default elementor-section-height-default\" data-id=\"ec2212f\" data-element_type=\"section\" data-e-type=\"section\">\n\t\t\t\t\t\t<div class=\"elementor-container elementor-column-gap-default\">\n\t\t\t\t\t<div class=\"elementor-column elementor-col-100 elementor-top-column elementor-element elementor-element-cef1457\" data-id=\"cef1457\" data-element_type=\"column\" data-e-type=\"column\">\n\t\t\t<div class=\"elementor-widget-wrap elementor-element-populated\">\n\t\t\t\t\t\t<div class=\"elementor-element elementor-element-851eb90 elementor-widget elementor-widget-text-editor\" data-id=\"851eb90\" data-element_type=\"widget\" data-e-type=\"widget\" data-widget_type=\"text-editor.default\">\n\t\t\t\t<div class=\"elementor-widget-container\">\n\t\t\t\t\t\t\t\t\t<p>Con Det. G00772 de 24\/01\/2023 publicado en el BUR Lazio 8 de 26\/01\/2023 el Director de la Direcci\u00f3n Regional de Desarrollo Econ\u00f3mico, Actividades Productivas e Investigaci\u00f3n, tom\u00f3 nota de los resultados de la investigaci\u00f3n preliminar llevada a cabo por Lazio Innova y de la evaluaci\u00f3n realizada por la Comisi\u00f3n T\u00e9cnica de Evaluaci\u00f3n y aprob\u00f3 las listas de los Proyectos admitidos, elegibles y financiables y la subvenci\u00f3n correspondiente.<\/p>\n<p>Entre los proyectos admitidos figura uno presentado por Tech4All.<\/p>\n<p><strong>TAZA<\/strong>: F88I23000130006<\/p>\n<p><strong>Subvenci\u00f3n concedida<\/strong>: 46.681,68 euros<\/p>\n<p><strong>Resumen<\/strong><\/p>\n<p><span style=\"font-weight: 400;\">El proyecto REASY pretende crear una herramienta digital de apoyo a los estudiantes disl\u00e9xicos aprovechando la alta tecnolog\u00eda que ofrecen los algoritmos de inteligencia artificial. En un estudio preliminar realizado por la Universidad de Tuscia y publicado en la revista internacional MDPI-Applied Sciences (https:\/\/doi.org\/10.3390\/app11104624), se demostr\u00f3 c\u00f3mo los estudiantes con dislexia que deciden emprender estudios universitarios consiguen adquirir, por t\u00e9rmino medio, 6 CFU (cr\u00e9ditos universitarios) menos que los estudiantes no disl\u00e9xicos, lo que corresponde aproximadamente a un examen menos. Como consecuencia, el \u00edndice de abandono, debido a la alta probabilidad de terminar el curso, es significativamente mayor en los alumnos disl\u00e9xicos. Considerando tambi\u00e9n los estudios de secundaria, los alumnos con AVD tienen tres veces m\u00e1s probabilidades de abandonar los estudios: un 18,1% frente al 6,1% de la tasa media de abandono escolar. La renuncia a las carreras por parte de los estudiantes provoca una disminuci\u00f3n de la cuant\u00eda del Fondo de Financiaci\u00f3n Ordinario que recibe cada universidad, ya que se pondera en funci\u00f3n del n\u00famero de estudiantes. Adem\u00e1s, los cursos de formaci\u00f3n espec\u00edficos para profesores universitarios no se imparten f\u00e1cilmente de forma que las clases sean accesibles para las personas con necesidades educativas especiales. Por \u00faltimo, es bien sabido que las herramientas de apoyo a los alumnos disl\u00e9xicos est\u00e1n asociadas principalmente a las escuelas primarias, mientras que a medida que avanzan los a\u00f1os escolares, el apoyo a los alumnos se reduce considerablemente y, sobre todo, no existe una normalizaci\u00f3n entre las universidades italianas, sino tambi\u00e9n europeas, a la hora de hacer que las universidades sean accesibles e inclusivas. De ello se deduce que existe una gran necesidad de implantar servicios y herramientas, aprovechando la digitalizaci\u00f3n, para apoyar tambi\u00e9n a los estudiantes disl\u00e9xicos en la universidad.  <\/span><\/p>\n<p><span style=\"font-weight: 400;\">El producto REASY es una aplicaci\u00f3n disponible para iOS, Android y Web que apoya el estudio de los alumnos disl\u00e9xicos. REASY, de hecho, ofrece la posibilidad de personalizar el material did\u00e1ctico para cada alumno, ofreciendo la metodolog\u00eda de estudio m\u00e1s adecuada, gracias al uso de algoritmos de inteligencia artificial. REASY, gracias al desarrollo de una extensi\u00f3n para el navegador Chrome, hace posible que todas las ventajas de accesibilidad que ofrece la plataforma puedan extenderse a cualquier p\u00e1gina y aplicaci\u00f3n web en la que se est\u00e9 navegando. Piense, por ejemplo, en entornos de aprendizaje ampliamente utilizados desde la ense\u00f1anza secundaria hasta la universidad, como Google Classroom, Moodle y Teams: pueden hacerse accesibles gracias a nuestra extensi\u00f3n<\/span><\/p>\n<p><strong>Prop\u00f3sito<\/strong><\/p>\n<p><span style=\"font-weight: 400;\">El objetivo principal del proyecto de puesta en marcha es implementar nuevas funciones de la plataforma REASY y optimizar las existentes (descargable gratuitamente de Apple y Google Store como Reading Easy), as\u00ed como dar a conocer el producto mediante campa\u00f1as de marketing espec\u00edficas con el objetivo final de venderlo a universidades y centros de ense\u00f1anza secundaria. El objetivo global del proyecto es, por tanto, la realizaci\u00f3n de un producto de inter\u00e9s para los inversores del mercado.  <\/span><\/p>\n\t\t\t\t\t\t\t\t<\/div>\n\t\t\t\t<\/div>\n\t\t\t\t\t<\/div>\n\t\t<\/div>\n\t\t\t\t\t<\/div>\n\t\t<\/section>\n\t\t\t\t<\/div>\n\t\t","protected":false},"excerpt":{"rendered":"<p>Proyecto Reasy Enlaces CE Con Det. G00772 de 24\/01\/2023 publicado en el BUR Lazio 8 de 26\/01\/2023 el Director de la Direcci\u00f3n Regional de Desarrollo Econ\u00f3mico, Actividades Productivas e Investigaci\u00f3n, tom\u00f3 nota de los resultados de la investigaci\u00f3n preliminar llevada a cabo por Lazio Innova y de la evaluaci\u00f3n realizada por la Comisi\u00f3n T\u00e9cnica de [&hellip;]<\/p>\n","protected":false},"author":3,"featured_media":0,"parent":0,"menu_order":0,"comment_status":"closed","ping_status":"closed","template":"","meta":{"footnotes":""},"class_list":["post-2249","page","type-page","status-publish","hentry"],"yoast_head":"<!-- This site is optimized with the Yoast SEO plugin v26.8 - https:\/\/yoast.com\/product\/yoast-seo-wordpress\/ -->\n<title>Pre-siembra plus - Tech4All<\/title>\n<meta name=\"robots\" content=\"index, follow, max-snippet:-1, max-image-preview:large, max-video-preview:-1\" \/>\n<link rel=\"canonical\" href=\"https:\/\/tech4all.ai\/es\/pre-siembra-plus\/\" \/>\n<meta property=\"og:locale\" content=\"es_ES\" \/>\n<meta property=\"og:type\" content=\"article\" \/>\n<meta property=\"og:title\" content=\"Pre-siembra plus - Tech4All\" \/>\n<meta property=\"og:description\" content=\"Proyecto Reasy Enlaces CE Con Det. G00772 de 24\/01\/2023 publicado en el BUR Lazio 8 de 26\/01\/2023 el Director de la Direcci\u00f3n Regional de Desarrollo Econ\u00f3mico, Actividades Productivas e Investigaci\u00f3n, tom\u00f3 nota de los resultados de la investigaci\u00f3n preliminar llevada a cabo por Lazio Innova y de la evaluaci\u00f3n realizada por la Comisi\u00f3n T\u00e9cnica de [&hellip;]\" \/>\n<meta property=\"og:url\" content=\"https:\/\/tech4all.ai\/es\/pre-siembra-plus\/\" \/>\n<meta property=\"og:site_name\" content=\"Tech4All\" \/>\n<meta property=\"article:modified_time\" content=\"2023-12-15T18:51:29+00:00\" \/>\n<meta property=\"og:image\" content=\"https:\/\/tech4all.ai\/wp-content\/uploads\/2023\/07\/logo-preseed-4-1024x171.png\" \/>\n<meta name=\"twitter:card\" content=\"summary_large_image\" \/>\n<meta name=\"twitter:label1\" content=\"Tiempo de lectura\" \/>\n\t<meta name=\"twitter:data1\" content=\"3 minutos\" \/>\n<script type=\"application\/ld+json\" class=\"yoast-schema-graph\">{\"@context\":\"https:\/\/schema.org\",\"@graph\":[{\"@type\":\"WebPage\",\"@id\":\"https:\/\/tech4all.ai\/es\/pre-siembra-plus\/\",\"url\":\"https:\/\/tech4all.ai\/es\/pre-siembra-plus\/\",\"name\":\"Pre-siembra plus - Tech4All\",\"isPartOf\":{\"@id\":\"https:\/\/tech4all.ai\/es\/#website\"},\"primaryImageOfPage\":{\"@id\":\"https:\/\/tech4all.ai\/es\/pre-siembra-plus\/#primaryimage\"},\"image\":{\"@id\":\"https:\/\/tech4all.ai\/es\/pre-siembra-plus\/#primaryimage\"},\"thumbnailUrl\":\"https:\/\/tech4all.ai\/wp-content\/uploads\/2023\/07\/logo-preseed-4-1024x171.png\",\"datePublished\":\"2023-04-24T17:53:46+00:00\",\"dateModified\":\"2023-12-15T18:51:29+00:00\",\"breadcrumb\":{\"@id\":\"https:\/\/tech4all.ai\/es\/pre-siembra-plus\/#breadcrumb\"},\"inLanguage\":\"es\",\"potentialAction\":[{\"@type\":\"ReadAction\",\"target\":[\"https:\/\/tech4all.ai\/es\/pre-siembra-plus\/\"]}]},{\"@type\":\"ImageObject\",\"inLanguage\":\"es\",\"@id\":\"https:\/\/tech4all.ai\/es\/pre-siembra-plus\/#primaryimage\",\"url\":\"https:\/\/tech4all.ai\/wp-content\/uploads\/2023\/07\/logo-preseed-4-1024x171.png\",\"contentUrl\":\"https:\/\/tech4all.ai\/wp-content\/uploads\/2023\/07\/logo-preseed-4-1024x171.png\"},{\"@type\":\"BreadcrumbList\",\"@id\":\"https:\/\/tech4all.ai\/es\/pre-siembra-plus\/#breadcrumb\",\"itemListElement\":[{\"@type\":\"ListItem\",\"position\":1,\"name\":\"Home\",\"item\":\"https:\/\/tech4all.ai\/es\/\"},{\"@type\":\"ListItem\",\"position\":2,\"name\":\"Pre-siembra plus\"}]},{\"@type\":\"WebSite\",\"@id\":\"https:\/\/tech4all.ai\/es\/#website\",\"url\":\"https:\/\/tech4all.ai\/es\/\",\"name\":\"Tech4All\",\"description\":\"Tecnologie per l&#039;inclusione degli studenti con Dislessia\",\"publisher\":{\"@id\":\"https:\/\/tech4all.ai\/es\/#organization\"},\"potentialAction\":[{\"@type\":\"SearchAction\",\"target\":{\"@type\":\"EntryPoint\",\"urlTemplate\":\"https:\/\/tech4all.ai\/es\/?s={search_term_string}\"},\"query-input\":{\"@type\":\"PropertyValueSpecification\",\"valueRequired\":true,\"valueName\":\"search_term_string\"}}],\"inLanguage\":\"es\"},{\"@type\":\"Organization\",\"@id\":\"https:\/\/tech4all.ai\/es\/#organization\",\"name\":\"Tech4All\",\"url\":\"https:\/\/tech4all.ai\/es\/\",\"logo\":{\"@type\":\"ImageObject\",\"inLanguage\":\"es\",\"@id\":\"https:\/\/tech4all.ai\/es\/#\/schema\/logo\/image\/\",\"url\":\"https:\/\/tech4all.ai\/wp-content\/uploads\/2022\/07\/Tech4All-logo-esteso.png\",\"contentUrl\":\"https:\/\/tech4all.ai\/wp-content\/uploads\/2022\/07\/Tech4All-logo-esteso.png\",\"width\":1200,\"height\":385,\"caption\":\"Tech4All\"},\"image\":{\"@id\":\"https:\/\/tech4all.ai\/es\/#\/schema\/logo\/image\/\"}}]}<\/script>\n<!-- \/ Yoast SEO plugin. -->","yoast_head_json":{"title":"Pre-siembra plus - Tech4All","robots":{"index":"index","follow":"follow","max-snippet":"max-snippet:-1","max-image-preview":"max-image-preview:large","max-video-preview":"max-video-preview:-1"},"canonical":"https:\/\/tech4all.ai\/es\/pre-siembra-plus\/","og_locale":"es_ES","og_type":"article","og_title":"Pre-siembra plus - Tech4All","og_description":"Proyecto Reasy Enlaces CE Con Det. G00772 de 24\/01\/2023 publicado en el BUR Lazio 8 de 26\/01\/2023 el Director de la Direcci\u00f3n Regional de Desarrollo Econ\u00f3mico, Actividades Productivas e Investigaci\u00f3n, tom\u00f3 nota de los resultados de la investigaci\u00f3n preliminar llevada a cabo por Lazio Innova y de la evaluaci\u00f3n realizada por la Comisi\u00f3n T\u00e9cnica de [&hellip;]","og_url":"https:\/\/tech4all.ai\/es\/pre-siembra-plus\/","og_site_name":"Tech4All","article_modified_time":"2023-12-15T18:51:29+00:00","og_image":[{"url":"https:\/\/tech4all.ai\/wp-content\/uploads\/2023\/07\/logo-preseed-4-1024x171.png","type":"","width":"","height":""}],"twitter_card":"summary_large_image","twitter_misc":{"Tiempo de lectura":"3 minutos"},"schema":{"@context":"https:\/\/schema.org","@graph":[{"@type":"WebPage","@id":"https:\/\/tech4all.ai\/es\/pre-siembra-plus\/","url":"https:\/\/tech4all.ai\/es\/pre-siembra-plus\/","name":"Pre-siembra plus - Tech4All","isPartOf":{"@id":"https:\/\/tech4all.ai\/es\/#website"},"primaryImageOfPage":{"@id":"https:\/\/tech4all.ai\/es\/pre-siembra-plus\/#primaryimage"},"image":{"@id":"https:\/\/tech4all.ai\/es\/pre-siembra-plus\/#primaryimage"},"thumbnailUrl":"https:\/\/tech4all.ai\/wp-content\/uploads\/2023\/07\/logo-preseed-4-1024x171.png","datePublished":"2023-04-24T17:53:46+00:00","dateModified":"2023-12-15T18:51:29+00:00","breadcrumb":{"@id":"https:\/\/tech4all.ai\/es\/pre-siembra-plus\/#breadcrumb"},"inLanguage":"es","potentialAction":[{"@type":"ReadAction","target":["https:\/\/tech4all.ai\/es\/pre-siembra-plus\/"]}]},{"@type":"ImageObject","inLanguage":"es","@id":"https:\/\/tech4all.ai\/es\/pre-siembra-plus\/#primaryimage","url":"https:\/\/tech4all.ai\/wp-content\/uploads\/2023\/07\/logo-preseed-4-1024x171.png","contentUrl":"https:\/\/tech4all.ai\/wp-content\/uploads\/2023\/07\/logo-preseed-4-1024x171.png"},{"@type":"BreadcrumbList","@id":"https:\/\/tech4all.ai\/es\/pre-siembra-plus\/#breadcrumb","itemListElement":[{"@type":"ListItem","position":1,"name":"Home","item":"https:\/\/tech4all.ai\/es\/"},{"@type":"ListItem","position":2,"name":"Pre-siembra plus"}]},{"@type":"WebSite","@id":"https:\/\/tech4all.ai\/es\/#website","url":"https:\/\/tech4all.ai\/es\/","name":"Tech4All","description":"Tecnologie per l&#039;inclusione degli studenti con Dislessia","publisher":{"@id":"https:\/\/tech4all.ai\/es\/#organization"},"potentialAction":[{"@type":"SearchAction","target":{"@type":"EntryPoint","urlTemplate":"https:\/\/tech4all.ai\/es\/?s={search_term_string}"},"query-input":{"@type":"PropertyValueSpecification","valueRequired":true,"valueName":"search_term_string"}}],"inLanguage":"es"},{"@type":"Organization","@id":"https:\/\/tech4all.ai\/es\/#organization","name":"Tech4All","url":"https:\/\/tech4all.ai\/es\/","logo":{"@type":"ImageObject","inLanguage":"es","@id":"https:\/\/tech4all.ai\/es\/#\/schema\/logo\/image\/","url":"https:\/\/tech4all.ai\/wp-content\/uploads\/2022\/07\/Tech4All-logo-esteso.png","contentUrl":"https:\/\/tech4all.ai\/wp-content\/uploads\/2022\/07\/Tech4All-logo-esteso.png","width":1200,"height":385,"caption":"Tech4All"},"image":{"@id":"https:\/\/tech4all.ai\/es\/#\/schema\/logo\/image\/"}}]}},"_links":{"self":[{"href":"https:\/\/tech4all.ai\/es\/wp-json\/wp\/v2\/pages\/2249","targetHints":{"allow":["GET"]}}],"collection":[{"href":"https:\/\/tech4all.ai\/es\/wp-json\/wp\/v2\/pages"}],"about":[{"href":"https:\/\/tech4all.ai\/es\/wp-json\/wp\/v2\/types\/page"}],"author":[{"embeddable":true,"href":"https:\/\/tech4all.ai\/es\/wp-json\/wp\/v2\/users\/3"}],"replies":[{"embeddable":true,"href":"https:\/\/tech4all.ai\/es\/wp-json\/wp\/v2\/comments?post=2249"}],"version-history":[{"count":1,"href":"https:\/\/tech4all.ai\/es\/wp-json\/wp\/v2\/pages\/2249\/revisions"}],"predecessor-version":[{"id":2250,"href":"https:\/\/tech4all.ai\/es\/wp-json\/wp\/v2\/pages\/2249\/revisions\/2250"}],"wp:attachment":[{"href":"https:\/\/tech4all.ai\/es\/wp-json\/wp\/v2\/media?parent=2249"}],"curies":[{"name":"wp","href":"https:\/\/api.w.org\/{rel}","templated":true}]}}