{"id":2190,"date":"2023-04-24T17:53:46","date_gmt":"2023-04-24T17:53:46","guid":{"rendered":"https:\/\/tech4all.ai\/pre-semence-plus\/"},"modified":"2023-12-15T18:52:45","modified_gmt":"2023-12-15T18:52:45","slug":"pre-semence-plus","status":"publish","type":"page","link":"https:\/\/tech4all.ai\/fr\/pre-semence-plus\/","title":{"rendered":"Pr\u00e9-semence plus"},"content":{"rendered":"\t\t<div data-elementor-type=\"wp-page\" data-elementor-id=\"2190\" class=\"elementor elementor-2190 elementor-1068\" data-elementor-post-type=\"page\">\n\t\t\t\t\t\t<section class=\"elementor-section elementor-top-section elementor-element elementor-element-92b7cef elementor-section-boxed elementor-section-height-default elementor-section-height-default\" data-id=\"92b7cef\" data-element_type=\"section\" data-e-type=\"section\">\n\t\t\t\t\t\t<div class=\"elementor-container elementor-column-gap-default\">\n\t\t\t\t\t<div class=\"elementor-column elementor-col-100 elementor-top-column elementor-element elementor-element-8608317\" data-id=\"8608317\" data-element_type=\"column\" data-e-type=\"column\">\n\t\t\t<div class=\"elementor-widget-wrap elementor-element-populated\">\n\t\t\t\t\t\t<div class=\"elementor-element elementor-element-ad8cc63 elementor-widget elementor-widget-heading\" data-id=\"ad8cc63\" data-element_type=\"widget\" data-e-type=\"widget\" data-widget_type=\"heading.default\">\n\t\t\t\t<div class=\"elementor-widget-container\">\n\t\t\t\t\t<h2 class=\"elementor-heading-title elementor-size-default\">Projet Reasy<\/h2>\t\t\t\t<\/div>\n\t\t\t\t<\/div>\n\t\t\t\t\t<\/div>\n\t\t<\/div>\n\t\t\t\t\t<\/div>\n\t\t<\/section>\n\t\t\t\t<section class=\"elementor-section elementor-top-section elementor-element elementor-element-24c6a8d elementor-section-boxed elementor-section-height-default elementor-section-height-default\" data-id=\"24c6a8d\" data-element_type=\"section\" data-e-type=\"section\">\n\t\t\t\t\t\t<div class=\"elementor-container elementor-column-gap-default\">\n\t\t\t\t\t<div class=\"elementor-column elementor-col-100 elementor-top-column elementor-element elementor-element-0f2223b\" data-id=\"0f2223b\" data-element_type=\"column\" data-e-type=\"column\">\n\t\t\t<div class=\"elementor-widget-wrap elementor-element-populated\">\n\t\t\t\t\t\t<div class=\"elementor-element elementor-element-530c857 elementor-widget elementor-widget-image\" data-id=\"530c857\" data-element_type=\"widget\" data-e-type=\"widget\" data-widget_type=\"image.default\">\n\t\t\t\t<div class=\"elementor-widget-container\">\n\t\t\t\t\t\t\t\t\t\t\t\t\t\t\t<img fetchpriority=\"high\" decoding=\"async\" width=\"800\" height=\"134\" src=\"https:\/\/tech4all.ai\/wp-content\/uploads\/2023\/07\/logo-preseed-4-1024x171.png\" class=\"attachment-large size-large wp-image-2031\" alt=\"\" srcset=\"https:\/\/tech4all.ai\/wp-content\/uploads\/2023\/07\/logo-preseed-4-1024x171.png 1024w, https:\/\/tech4all.ai\/wp-content\/uploads\/2023\/07\/logo-preseed-4-300x50.png 300w, https:\/\/tech4all.ai\/wp-content\/uploads\/2023\/07\/logo-preseed-4-768x128.png 768w, https:\/\/tech4all.ai\/wp-content\/uploads\/2023\/07\/logo-preseed-4-1536x256.png 1536w, https:\/\/tech4all.ai\/wp-content\/uploads\/2023\/07\/logo-preseed-4-18x3.png 18w, https:\/\/tech4all.ai\/wp-content\/uploads\/2023\/07\/logo-preseed-4.png 1800w\" sizes=\"(max-width: 800px) 100vw, 800px\" \/>\t\t\t\t\t\t\t\t\t\t\t\t\t\t\t<\/div>\n\t\t\t\t<\/div>\n\t\t\t\t\t<\/div>\n\t\t<\/div>\n\t\t\t\t\t<\/div>\n\t\t<\/section>\n\t\t\t\t<section class=\"elementor-section elementor-top-section elementor-element elementor-element-dc8f949 elementor-section-boxed elementor-section-height-default elementor-section-height-default\" data-id=\"dc8f949\" data-element_type=\"section\" data-e-type=\"section\">\n\t\t\t\t\t\t<div class=\"elementor-container elementor-column-gap-default\">\n\t\t\t\t\t<div class=\"elementor-column elementor-col-100 elementor-top-column elementor-element elementor-element-fe3fb03\" data-id=\"fe3fb03\" data-element_type=\"column\" data-e-type=\"column\">\n\t\t\t<div class=\"elementor-widget-wrap elementor-element-populated\">\n\t\t\t\t\t\t<div class=\"elementor-element elementor-element-2041158 elementor-widget elementor-widget-text-editor\" data-id=\"2041158\" data-element_type=\"widget\" data-e-type=\"widget\" data-widget_type=\"text-editor.default\">\n\t\t\t\t<div class=\"elementor-widget-container\">\n\t\t\t\t\t\t\t\t\t<p><a href=\"http:\/\/www.europa.eu\/\">Liens CE<\/a><\/p>\n\t\t\t\t\t\t\t\t<\/div>\n\t\t\t\t<\/div>\n\t\t\t\t\t<\/div>\n\t\t<\/div>\n\t\t\t\t\t<\/div>\n\t\t<\/section>\n\t\t\t\t<section class=\"elementor-section elementor-top-section elementor-element elementor-element-ec2212f elementor-section-boxed elementor-section-height-default elementor-section-height-default\" data-id=\"ec2212f\" data-element_type=\"section\" data-e-type=\"section\">\n\t\t\t\t\t\t<div class=\"elementor-container elementor-column-gap-default\">\n\t\t\t\t\t<div class=\"elementor-column elementor-col-100 elementor-top-column elementor-element elementor-element-cef1457\" data-id=\"cef1457\" data-element_type=\"column\" data-e-type=\"column\">\n\t\t\t<div class=\"elementor-widget-wrap elementor-element-populated\">\n\t\t\t\t\t\t<div class=\"elementor-element elementor-element-851eb90 elementor-widget elementor-widget-text-editor\" data-id=\"851eb90\" data-element_type=\"widget\" data-e-type=\"widget\" data-widget_type=\"text-editor.default\">\n\t\t\t\t<div class=\"elementor-widget-container\">\n\t\t\t\t\t\t\t\t\t<p>Avec Det. G00772 du 24\/01\/2023 publi\u00e9 dans le BUR Lazio 8 du 26\/01\/2023 le Directeur de la Direction R\u00e9gionale du D\u00e9veloppement Economique, des Activit\u00e9s Productives et de la Recherche, a pris connaissance des r\u00e9sultats de l&rsquo;enqu\u00eate pr\u00e9liminaire r\u00e9alis\u00e9e par Lazio Innova et de l&rsquo;\u00e9valuation r\u00e9alis\u00e9e par la Commission d&rsquo;Evaluation Technique et a approuv\u00e9 les listes des Projets admis, \u00e9ligibles et finan\u00e7ables ainsi que la subvention correspondante.<\/p>\n<p>Parmi les projets admis, l&rsquo;un d&rsquo;entre eux a \u00e9t\u00e9 pr\u00e9sent\u00e9 par Tech4All.<\/p>\n<p><strong>COUPE<\/strong>: F88I23000130006<\/p>\n<p><strong>Subvention accord\u00e9e<\/strong>: 46 681,68 euros<\/p>\n<p><strong>R\u00e9sum\u00e9<\/strong><\/p>\n<p><span style=\"font-weight: 400;\">Le projet REASY vise \u00e0 cr\u00e9er un outil num\u00e9rique pour soutenir les \u00e9tudiants dyslexiques en exploitant la haute technologie offerte par les algorithmes d&rsquo;intelligence artificielle. Une \u00e9tude pr\u00e9liminaire r\u00e9alis\u00e9e par l&rsquo;Universit\u00e9 de Tuscia et publi\u00e9e dans la revue internationale MDPI-Applied Sciences (https:\/\/doi.org\/10.3390\/app11104624) a montr\u00e9 que les \u00e9tudiants dyslexiques qui d\u00e9cident de s&rsquo;engager dans un cursus universitaire parviennent \u00e0 acqu\u00e9rir en moyenne 6 UFC (cr\u00e9dits universitaires) de moins que les \u00e9tudiants non dyslexiques, ce qui correspond \u00e0 environ un examen de moins. Par cons\u00e9quent, le taux d&rsquo;abandon, d\u00fb \u00e0 une forte probabilit\u00e9 de terminer le cours, est significativement plus \u00e9lev\u00e9 chez les \u00e9tudiants dyslexiques. Si l&rsquo;on consid\u00e8re \u00e9galement les \u00e9tudes secondaires, les \u00e9tudiants souffrant d&rsquo;AVD sont trois fois plus susceptibles d&rsquo;abandonner l&rsquo;\u00e9cole : 18,1 % contre 6,1 % pour le taux d&rsquo;abandon moyen. La renonciation des \u00e9tudiants \u00e0 leur carri\u00e8re entra\u00eene une diminution du montant du Fonds de financement ordinaire per\u00e7u par chaque universit\u00e9, car il est pond\u00e9r\u00e9 en fonction du nombre d&rsquo;\u00e9tudiants. En outre, les cours de formation sp\u00e9cifiques destin\u00e9s aux professeurs d&rsquo;universit\u00e9 ne sont pas facilement dispens\u00e9s de mani\u00e8re \u00e0 rendre les le\u00e7ons accessibles aux personnes ayant des besoins \u00e9ducatifs particuliers. Enfin, il est bien connu que les outils de soutien aux \u00e9tudiants dyslexiques sont principalement associ\u00e9s aux \u00e9coles primaires, alors qu&rsquo;au fur et \u00e0 mesure que les ann\u00e9es scolaires passent, le soutien aux \u00e9tudiants est consid\u00e9rablement r\u00e9duit et, surtout, il n&rsquo;y a pas d&rsquo;uniformisation entre les universit\u00e9s italiennes, mais aussi europ\u00e9ennes, en ce qui concerne l&rsquo;accessibilit\u00e9 et l&rsquo;inclusion des universit\u00e9s. Il est donc absolument n\u00e9cessaire de mettre en place des services et des outils, en tirant parti de la num\u00e9risation, pour aider les \u00e9tudiants dyslexiques \u00e0 l&rsquo;universit\u00e9 \u00e9galement.  <\/span><\/p>\n<p><span style=\"font-weight: 400;\">Le produit REASY est une application disponible pour iOS, Android et le Web qui soutient l&rsquo;\u00e9tude des \u00e9tudiants dyslexiques. REASY offre en effet la possibilit\u00e9 de personnaliser le mat\u00e9riel p\u00e9dagogique pour chaque \u00e9l\u00e8ve, en proposant la m\u00e9thodologie d&rsquo;\u00e9tude la plus appropri\u00e9e, gr\u00e2ce \u00e0 l&rsquo;utilisation d&rsquo;algorithmes d&rsquo;intelligence artificielle. REASY, gr\u00e2ce au d\u00e9veloppement d&rsquo;une extension pour le navigateur Chrome, permet d&rsquo;\u00e9tendre tous les avantages d&rsquo;accessibilit\u00e9 offerts par la plateforme \u00e0 toutes les pages et applications web sur lesquelles la personne navigue. Pensez, par exemple, aux environnements d&rsquo;apprentissage largement utilis\u00e9s de l&rsquo;\u00e9cole secondaire \u00e0 l&rsquo;universit\u00e9, tels que Google Classroom, Moodle et Teams : ils peuvent \u00eatre rendus accessibles gr\u00e2ce \u00e0 notre extension.<\/span><\/p>\n<p><strong>Objectif<\/strong><\/p>\n<p><span style=\"font-weight: 400;\">L&rsquo;objectif principal du projet de d\u00e9marrage est de mettre en \u0153uvre de nouvelles fonctionnalit\u00e9s de la plateforme REASY et d&rsquo;optimiser les fonctionnalit\u00e9s existantes (t\u00e9l\u00e9chargeables gratuitement sur Apple et Google Store sous le nom de Reading Easy), ainsi que de faire conna\u00eetre le produit par le biais de campagnes de marketing cibl\u00e9es dans le but ultime de le vendre aux universit\u00e9s et aux \u00e9tablissements d&rsquo;enseignement secondaire. L&rsquo;objectif global du projet est donc la r\u00e9alisation d&rsquo;un produit int\u00e9ressant pour les investisseurs sur le march\u00e9.  <\/span><\/p>\n\t\t\t\t\t\t\t\t<\/div>\n\t\t\t\t<\/div>\n\t\t\t\t\t<\/div>\n\t\t<\/div>\n\t\t\t\t\t<\/div>\n\t\t<\/section>\n\t\t\t\t<\/div>\n\t\t","protected":false},"excerpt":{"rendered":"<p>Projet Reasy Liens CE Avec Det. G00772 du 24\/01\/2023 publi\u00e9 dans le BUR Lazio 8 du 26\/01\/2023 le Directeur de la Direction R\u00e9gionale du D\u00e9veloppement Economique, des Activit\u00e9s Productives et de la Recherche, a pris connaissance des r\u00e9sultats de l&rsquo;enqu\u00eate pr\u00e9liminaire r\u00e9alis\u00e9e par Lazio Innova et de l&rsquo;\u00e9valuation r\u00e9alis\u00e9e par la Commission d&rsquo;Evaluation Technique et [&hellip;]<\/p>\n","protected":false},"author":3,"featured_media":0,"parent":0,"menu_order":0,"comment_status":"closed","ping_status":"closed","template":"","meta":{"footnotes":""},"class_list":["post-2190","page","type-page","status-publish","hentry"],"yoast_head":"<!-- This site is optimized with the Yoast SEO plugin v26.8 - https:\/\/yoast.com\/product\/yoast-seo-wordpress\/ -->\n<title>Pr\u00e9-semence plus - Tech4All<\/title>\n<meta name=\"robots\" content=\"index, follow, max-snippet:-1, max-image-preview:large, max-video-preview:-1\" \/>\n<link rel=\"canonical\" href=\"https:\/\/tech4all.ai\/fr\/pre-semence-plus\/\" \/>\n<meta property=\"og:locale\" content=\"fr_FR\" \/>\n<meta property=\"og:type\" content=\"article\" \/>\n<meta property=\"og:title\" content=\"Pr\u00e9-semence plus - Tech4All\" \/>\n<meta property=\"og:description\" content=\"Projet Reasy Liens CE Avec Det. G00772 du 24\/01\/2023 publi\u00e9 dans le BUR Lazio 8 du 26\/01\/2023 le Directeur de la Direction R\u00e9gionale du D\u00e9veloppement Economique, des Activit\u00e9s Productives et de la Recherche, a pris connaissance des r\u00e9sultats de l&rsquo;enqu\u00eate pr\u00e9liminaire r\u00e9alis\u00e9e par Lazio Innova et de l&rsquo;\u00e9valuation r\u00e9alis\u00e9e par la Commission d&rsquo;Evaluation Technique et [&hellip;]\" \/>\n<meta property=\"og:url\" content=\"https:\/\/tech4all.ai\/fr\/pre-semence-plus\/\" \/>\n<meta property=\"og:site_name\" content=\"Tech4All\" \/>\n<meta property=\"article:modified_time\" content=\"2023-12-15T18:52:45+00:00\" \/>\n<meta property=\"og:image\" content=\"https:\/\/tech4all.ai\/wp-content\/uploads\/2023\/07\/logo-preseed-4-1024x171.png\" \/>\n<meta name=\"twitter:card\" content=\"summary_large_image\" \/>\n<meta name=\"twitter:label1\" content=\"Dur\u00e9e de lecture estim\u00e9e\" \/>\n\t<meta name=\"twitter:data1\" content=\"3 minutes\" \/>\n<script type=\"application\/ld+json\" class=\"yoast-schema-graph\">{\"@context\":\"https:\/\/schema.org\",\"@graph\":[{\"@type\":\"WebPage\",\"@id\":\"https:\/\/tech4all.ai\/fr\/pre-semence-plus\/\",\"url\":\"https:\/\/tech4all.ai\/fr\/pre-semence-plus\/\",\"name\":\"Pr\u00e9-semence plus - Tech4All\",\"isPartOf\":{\"@id\":\"https:\/\/tech4all.ai\/fr\/#website\"},\"primaryImageOfPage\":{\"@id\":\"https:\/\/tech4all.ai\/fr\/pre-semence-plus\/#primaryimage\"},\"image\":{\"@id\":\"https:\/\/tech4all.ai\/fr\/pre-semence-plus\/#primaryimage\"},\"thumbnailUrl\":\"https:\/\/tech4all.ai\/wp-content\/uploads\/2023\/07\/logo-preseed-4-1024x171.png\",\"datePublished\":\"2023-04-24T17:53:46+00:00\",\"dateModified\":\"2023-12-15T18:52:45+00:00\",\"breadcrumb\":{\"@id\":\"https:\/\/tech4all.ai\/fr\/pre-semence-plus\/#breadcrumb\"},\"inLanguage\":\"fr-FR\",\"potentialAction\":[{\"@type\":\"ReadAction\",\"target\":[\"https:\/\/tech4all.ai\/fr\/pre-semence-plus\/\"]}]},{\"@type\":\"ImageObject\",\"inLanguage\":\"fr-FR\",\"@id\":\"https:\/\/tech4all.ai\/fr\/pre-semence-plus\/#primaryimage\",\"url\":\"https:\/\/tech4all.ai\/wp-content\/uploads\/2023\/07\/logo-preseed-4-1024x171.png\",\"contentUrl\":\"https:\/\/tech4all.ai\/wp-content\/uploads\/2023\/07\/logo-preseed-4-1024x171.png\"},{\"@type\":\"BreadcrumbList\",\"@id\":\"https:\/\/tech4all.ai\/fr\/pre-semence-plus\/#breadcrumb\",\"itemListElement\":[{\"@type\":\"ListItem\",\"position\":1,\"name\":\"Home\",\"item\":\"https:\/\/tech4all.ai\/fr\/\"},{\"@type\":\"ListItem\",\"position\":2,\"name\":\"Pr\u00e9-semence plus\"}]},{\"@type\":\"WebSite\",\"@id\":\"https:\/\/tech4all.ai\/fr\/#website\",\"url\":\"https:\/\/tech4all.ai\/fr\/\",\"name\":\"Tech4All\",\"description\":\"Tecnologie per l&#039;inclusione degli studenti con Dislessia\",\"publisher\":{\"@id\":\"https:\/\/tech4all.ai\/fr\/#organization\"},\"potentialAction\":[{\"@type\":\"SearchAction\",\"target\":{\"@type\":\"EntryPoint\",\"urlTemplate\":\"https:\/\/tech4all.ai\/fr\/?s={search_term_string}\"},\"query-input\":{\"@type\":\"PropertyValueSpecification\",\"valueRequired\":true,\"valueName\":\"search_term_string\"}}],\"inLanguage\":\"fr-FR\"},{\"@type\":\"Organization\",\"@id\":\"https:\/\/tech4all.ai\/fr\/#organization\",\"name\":\"Tech4All\",\"url\":\"https:\/\/tech4all.ai\/fr\/\",\"logo\":{\"@type\":\"ImageObject\",\"inLanguage\":\"fr-FR\",\"@id\":\"https:\/\/tech4all.ai\/fr\/#\/schema\/logo\/image\/\",\"url\":\"https:\/\/tech4all.ai\/wp-content\/uploads\/2022\/07\/Tech4All-logo-esteso.png\",\"contentUrl\":\"https:\/\/tech4all.ai\/wp-content\/uploads\/2022\/07\/Tech4All-logo-esteso.png\",\"width\":1200,\"height\":385,\"caption\":\"Tech4All\"},\"image\":{\"@id\":\"https:\/\/tech4all.ai\/fr\/#\/schema\/logo\/image\/\"}}]}<\/script>\n<!-- \/ Yoast SEO plugin. -->","yoast_head_json":{"title":"Pr\u00e9-semence plus - Tech4All","robots":{"index":"index","follow":"follow","max-snippet":"max-snippet:-1","max-image-preview":"max-image-preview:large","max-video-preview":"max-video-preview:-1"},"canonical":"https:\/\/tech4all.ai\/fr\/pre-semence-plus\/","og_locale":"fr_FR","og_type":"article","og_title":"Pr\u00e9-semence plus - Tech4All","og_description":"Projet Reasy Liens CE Avec Det. G00772 du 24\/01\/2023 publi\u00e9 dans le BUR Lazio 8 du 26\/01\/2023 le Directeur de la Direction R\u00e9gionale du D\u00e9veloppement Economique, des Activit\u00e9s Productives et de la Recherche, a pris connaissance des r\u00e9sultats de l&rsquo;enqu\u00eate pr\u00e9liminaire r\u00e9alis\u00e9e par Lazio Innova et de l&rsquo;\u00e9valuation r\u00e9alis\u00e9e par la Commission d&rsquo;Evaluation Technique et [&hellip;]","og_url":"https:\/\/tech4all.ai\/fr\/pre-semence-plus\/","og_site_name":"Tech4All","article_modified_time":"2023-12-15T18:52:45+00:00","og_image":[{"url":"https:\/\/tech4all.ai\/wp-content\/uploads\/2023\/07\/logo-preseed-4-1024x171.png","type":"","width":"","height":""}],"twitter_card":"summary_large_image","twitter_misc":{"Dur\u00e9e de lecture estim\u00e9e":"3 minutes"},"schema":{"@context":"https:\/\/schema.org","@graph":[{"@type":"WebPage","@id":"https:\/\/tech4all.ai\/fr\/pre-semence-plus\/","url":"https:\/\/tech4all.ai\/fr\/pre-semence-plus\/","name":"Pr\u00e9-semence plus - Tech4All","isPartOf":{"@id":"https:\/\/tech4all.ai\/fr\/#website"},"primaryImageOfPage":{"@id":"https:\/\/tech4all.ai\/fr\/pre-semence-plus\/#primaryimage"},"image":{"@id":"https:\/\/tech4all.ai\/fr\/pre-semence-plus\/#primaryimage"},"thumbnailUrl":"https:\/\/tech4all.ai\/wp-content\/uploads\/2023\/07\/logo-preseed-4-1024x171.png","datePublished":"2023-04-24T17:53:46+00:00","dateModified":"2023-12-15T18:52:45+00:00","breadcrumb":{"@id":"https:\/\/tech4all.ai\/fr\/pre-semence-plus\/#breadcrumb"},"inLanguage":"fr-FR","potentialAction":[{"@type":"ReadAction","target":["https:\/\/tech4all.ai\/fr\/pre-semence-plus\/"]}]},{"@type":"ImageObject","inLanguage":"fr-FR","@id":"https:\/\/tech4all.ai\/fr\/pre-semence-plus\/#primaryimage","url":"https:\/\/tech4all.ai\/wp-content\/uploads\/2023\/07\/logo-preseed-4-1024x171.png","contentUrl":"https:\/\/tech4all.ai\/wp-content\/uploads\/2023\/07\/logo-preseed-4-1024x171.png"},{"@type":"BreadcrumbList","@id":"https:\/\/tech4all.ai\/fr\/pre-semence-plus\/#breadcrumb","itemListElement":[{"@type":"ListItem","position":1,"name":"Home","item":"https:\/\/tech4all.ai\/fr\/"},{"@type":"ListItem","position":2,"name":"Pr\u00e9-semence plus"}]},{"@type":"WebSite","@id":"https:\/\/tech4all.ai\/fr\/#website","url":"https:\/\/tech4all.ai\/fr\/","name":"Tech4All","description":"Tecnologie per l&#039;inclusione degli studenti con Dislessia","publisher":{"@id":"https:\/\/tech4all.ai\/fr\/#organization"},"potentialAction":[{"@type":"SearchAction","target":{"@type":"EntryPoint","urlTemplate":"https:\/\/tech4all.ai\/fr\/?s={search_term_string}"},"query-input":{"@type":"PropertyValueSpecification","valueRequired":true,"valueName":"search_term_string"}}],"inLanguage":"fr-FR"},{"@type":"Organization","@id":"https:\/\/tech4all.ai\/fr\/#organization","name":"Tech4All","url":"https:\/\/tech4all.ai\/fr\/","logo":{"@type":"ImageObject","inLanguage":"fr-FR","@id":"https:\/\/tech4all.ai\/fr\/#\/schema\/logo\/image\/","url":"https:\/\/tech4all.ai\/wp-content\/uploads\/2022\/07\/Tech4All-logo-esteso.png","contentUrl":"https:\/\/tech4all.ai\/wp-content\/uploads\/2022\/07\/Tech4All-logo-esteso.png","width":1200,"height":385,"caption":"Tech4All"},"image":{"@id":"https:\/\/tech4all.ai\/fr\/#\/schema\/logo\/image\/"}}]}},"_links":{"self":[{"href":"https:\/\/tech4all.ai\/fr\/wp-json\/wp\/v2\/pages\/2190","targetHints":{"allow":["GET"]}}],"collection":[{"href":"https:\/\/tech4all.ai\/fr\/wp-json\/wp\/v2\/pages"}],"about":[{"href":"https:\/\/tech4all.ai\/fr\/wp-json\/wp\/v2\/types\/page"}],"author":[{"embeddable":true,"href":"https:\/\/tech4all.ai\/fr\/wp-json\/wp\/v2\/users\/3"}],"replies":[{"embeddable":true,"href":"https:\/\/tech4all.ai\/fr\/wp-json\/wp\/v2\/comments?post=2190"}],"version-history":[{"count":2,"href":"https:\/\/tech4all.ai\/fr\/wp-json\/wp\/v2\/pages\/2190\/revisions"}],"predecessor-version":[{"id":2202,"href":"https:\/\/tech4all.ai\/fr\/wp-json\/wp\/v2\/pages\/2190\/revisions\/2202"}],"wp:attachment":[{"href":"https:\/\/tech4all.ai\/fr\/wp-json\/wp\/v2\/media?parent=2190"}],"curies":[{"name":"wp","href":"https:\/\/api.w.org\/{rel}","templated":true}]}}