{"id":2658,"date":"2024-08-06T09:33:26","date_gmt":"2024-08-06T09:33:26","guid":{"rendered":"https:\/\/tech4all.ai\/bon-i18n\/"},"modified":"2024-08-06T09:35:18","modified_gmt":"2024-08-06T09:35:18","slug":"bon-i18n","status":"publish","type":"page","link":"https:\/\/tech4all.ai\/fr\/bon-i18n\/","title":{"rendered":"Bon i18n"},"content":{"rendered":"\t\t<div data-elementor-type=\"wp-page\" data-elementor-id=\"2658\" class=\"elementor elementor-2658 elementor-2646\" data-elementor-post-type=\"page\">\n\t\t\t\t\t\t<section class=\"elementor-section elementor-top-section elementor-element elementor-element-92b7cef elementor-section-boxed elementor-section-height-default elementor-section-height-default\" data-id=\"92b7cef\" data-element_type=\"section\" data-e-type=\"section\">\n\t\t\t\t\t\t<div class=\"elementor-container elementor-column-gap-default\">\n\t\t\t\t\t<div class=\"elementor-column elementor-col-100 elementor-top-column elementor-element elementor-element-8608317\" data-id=\"8608317\" data-element_type=\"column\" data-e-type=\"column\">\n\t\t\t<div class=\"elementor-widget-wrap elementor-element-populated\">\n\t\t\t\t\t\t<div class=\"elementor-element elementor-element-ad8cc63 elementor-widget elementor-widget-heading\" data-id=\"ad8cc63\" data-element_type=\"widget\" data-e-type=\"widget\" data-widget_type=\"heading.default\">\n\t\t\t\t<div class=\"elementor-widget-container\">\n\t\t\t\t\t<h2 class=\"elementor-heading-title elementor-size-default\">Le projet <i>Reasy et l'intelligence artificielle qui aide \u00e0 \u00e9tudier<\/i><\/h2>\t\t\t\t<\/div>\n\t\t\t\t<\/div>\n\t\t\t\t\t<\/div>\n\t\t<\/div>\n\t\t\t\t\t<\/div>\n\t\t<\/section>\n\t\t\t\t<section class=\"elementor-section elementor-top-section elementor-element elementor-element-24c6a8d elementor-section-boxed elementor-section-height-default elementor-section-height-default\" data-id=\"24c6a8d\" data-element_type=\"section\" data-e-type=\"section\">\n\t\t\t\t\t\t<div class=\"elementor-container elementor-column-gap-default\">\n\t\t\t\t\t<div class=\"elementor-column elementor-col-100 elementor-top-column elementor-element elementor-element-0f2223b\" data-id=\"0f2223b\" data-element_type=\"column\" data-e-type=\"column\">\n\t\t\t<div class=\"elementor-widget-wrap elementor-element-populated\">\n\t\t\t\t\t\t<div class=\"elementor-element elementor-element-530c857 elementor-widget elementor-widget-image\" data-id=\"530c857\" data-element_type=\"widget\" data-e-type=\"widget\" data-widget_type=\"image.default\">\n\t\t\t\t<div class=\"elementor-widget-container\">\n\t\t\t\t\t\t\t\t\t\t\t\t\t\t\t<img decoding=\"async\" width=\"800\" height=\"57\" src=\"https:\/\/tech4all.ai\/wp-content\/uploads\/2024\/08\/Blocco_Fondi_europei_positivo-1024x73.jpg\" class=\"attachment-large size-large wp-image-2649\" alt=\"\" srcset=\"https:\/\/tech4all.ai\/wp-content\/uploads\/2024\/08\/Blocco_Fondi_europei_positivo-1024x73.jpg 1024w, https:\/\/tech4all.ai\/wp-content\/uploads\/2024\/08\/Blocco_Fondi_europei_positivo-300x21.jpg 300w, https:\/\/tech4all.ai\/wp-content\/uploads\/2024\/08\/Blocco_Fondi_europei_positivo-768x54.jpg 768w, https:\/\/tech4all.ai\/wp-content\/uploads\/2024\/08\/Blocco_Fondi_europei_positivo-1536x109.jpg 1536w, https:\/\/tech4all.ai\/wp-content\/uploads\/2024\/08\/Blocco_Fondi_europei_positivo.jpg 1678w\" sizes=\"(max-width: 800px) 100vw, 800px\" \/>\t\t\t\t\t\t\t\t\t\t\t\t\t\t\t<\/div>\n\t\t\t\t<\/div>\n\t\t\t\t\t<\/div>\n\t\t<\/div>\n\t\t\t\t\t<\/div>\n\t\t<\/section>\n\t\t\t\t<section class=\"elementor-section elementor-top-section elementor-element elementor-element-dc8f949 elementor-section-boxed elementor-section-height-default elementor-section-height-default\" data-id=\"dc8f949\" data-element_type=\"section\" data-e-type=\"section\">\n\t\t\t\t\t\t<div class=\"elementor-container elementor-column-gap-default\">\n\t\t\t\t\t<div class=\"elementor-column elementor-col-100 elementor-top-column elementor-element elementor-element-83f7a03\" data-id=\"83f7a03\" data-element_type=\"column\" data-e-type=\"column\">\n\t\t\t<div class=\"elementor-widget-wrap elementor-element-populated\">\n\t\t\t\t\t\t<div class=\"elementor-element elementor-element-428c6a9 elementor-widget elementor-widget-spacer\" data-id=\"428c6a9\" data-element_type=\"widget\" data-e-type=\"widget\" data-widget_type=\"spacer.default\">\n\t\t\t\t<div class=\"elementor-widget-container\">\n\t\t\t\t\t\t\t<div class=\"elementor-spacer\">\n\t\t\t<div class=\"elementor-spacer-inner\"><\/div>\n\t\t<\/div>\n\t\t\t\t\t\t<\/div>\n\t\t\t\t<\/div>\n\t\t\t\t\t<\/div>\n\t\t<\/div>\n\t\t\t\t\t<\/div>\n\t\t<\/section>\n\t\t\t\t<section class=\"elementor-section elementor-top-section elementor-element elementor-element-ec2212f elementor-section-boxed elementor-section-height-default elementor-section-height-default\" data-id=\"ec2212f\" data-element_type=\"section\" data-e-type=\"section\">\n\t\t\t\t\t\t<div class=\"elementor-container elementor-column-gap-default\">\n\t\t\t\t\t<div class=\"elementor-column elementor-col-100 elementor-top-column elementor-element elementor-element-cef1457\" data-id=\"cef1457\" data-element_type=\"column\" data-e-type=\"column\">\n\t\t\t<div class=\"elementor-widget-wrap elementor-element-populated\">\n\t\t\t\t\t\t<div class=\"elementor-element elementor-element-851eb90 elementor-widget elementor-widget-text-editor\" data-id=\"851eb90\" data-element_type=\"widget\" data-e-type=\"widget\" data-widget_type=\"text-editor.default\">\n\t\t\t\t<div class=\"elementor-widget-container\">\n\t\t\t\t\t\t\t\t\t<p>Avec Det. G05294 du 07\/05\/2024 publi\u00e9 dans le BUR Lazio 38 du 09\/05\/2024, le Directeur de la Direction R\u00e9gionale du D\u00e9veloppement Economique, des Activit\u00e9s Productives et de la Recherche a approuv\u00e9 les listes des Projets admis, coh\u00e9rents et finan\u00e7ables ainsi que la subvention correspondante.<\/p>\n<p>Parmi les projets admis, l&rsquo;un d&rsquo;entre eux a \u00e9t\u00e9 pr\u00e9sent\u00e9 par Tech4All.<\/p>\n<\/p>\n<p><strong>TASSE<\/strong>: F88C24000190006<\/p>\n<p><strong>Subvention accord\u00e9e<\/strong>: 49 000 euros<\/p>\n<p><strong>R\u00e9sum\u00e9<\/strong><\/p>\n<p><span style=\"font-weight: 400;\">Le projet pr\u00e9sent\u00e9 consiste en trois foires commerciales internationales en Espagne et une foire commerciale d&rsquo;importance internationale en Italie (r\u00e9pertori\u00e9e dans le catalogue national des foires commerciales).  <\/span><span style=\"font-weight: 400;\">Le point commun de ces quatre salons est le public cible auquel ils s&rsquo;adressent, \u00e0 savoir le monde des \u00e9coles et des universit\u00e9s, un secteur dans lequel l&rsquo;entreprise d\u00e9riv\u00e9e de l&rsquo;universit\u00e9 Tech4All est active depuis 2022.  <\/span><span style=\"font-weight: 400;\">La soci\u00e9t\u00e9 Tech4All srl est une spin-off universitaire de l&rsquo;Universit\u00e0 degli Studi della Tuscia n\u00e9e d&rsquo;un projet europ\u00e9en, VRAIlexia, un projet cr\u00e9\u00e9 et con\u00e7u pour faciliter le parcours acad\u00e9mique des \u00e9tudiants atteints de dyslexie. Le projet a impliqu\u00e9 plusieurs partenaires, dont l&rsquo;Universidad de C\u00f3rdoba (Espagne). Lors des r\u00e9unions des partenaires du projet, l&rsquo;initiative d\u00e9riv\u00e9e a \u00e9galement \u00e9t\u00e9 promue, \u00e0 savoir l&rsquo;application Reasy, une plateforme permettant de rendre les \u00e9tudes accessibles et inclusives.  <\/span><span style=\"font-weight: 400;\">Dans la p\u00e9riode qui a suivi la pr\u00e9sentation de l&rsquo;initiative au partenaire espagnol, nous avons constat\u00e9 une augmentation des inscriptions d&rsquo;utilisateurs espagnols et des demandes de devis de la part d&rsquo;universit\u00e9s et d&rsquo;associations locales de lutte contre la dyslexie.  <\/span><span style=\"font-weight: 400;\">La strat\u00e9gie d&rsquo;internationalisation et de croissance de l&rsquo;entreprise comprend l&rsquo;implication et la contractualisation de partenariats avec des entreprises qui distribuent des produits \u00e9ducatifs en Espagne, en particulier des \u00e9diteurs scolaires et des entreprises qui distribuent des produits de technologie \u00e9ducative.<\/span><\/p>\n<p><strong>Objectif<\/strong><\/p>\n<p><span style=\"font-weight: 400;\">L&rsquo;objectif du projet est d&rsquo;obtenir un acc\u00e8s relativement facile \u00e0 un r\u00e9seau de vente d\u00e9j\u00e0 \u00e9tabli et \u00e0 des relations de confiance entre les entreprises locales, les partenaires de distribution des produits, les \u00e9coles et les universit\u00e9s auxquelles Reasy sera vendu.<\/span><\/p>\n<p><span style=\"font-weight: 400;\">La participation aux salons d\u00e9crits ci-dessous est une opportunit\u00e9 importante pour nous :<\/span><\/p>\n<ul>\n<li><span style=\"font-weight: 400;\">activer de nouvelles relations avec des d\u00e9taillants locaux sp\u00e9cialis\u00e9s dans le monde de l&rsquo;\u00e9ducation, en \u00e9tablissant un premier contact dans un contexte extr\u00eamement vertical par rapport au secteur de r\u00e9f\u00e9rence ;<\/span><\/li>\n<li><span style=\"font-weight: 400;\">recueillir des commentaires sur la proposition de valeur de Reasy directement sur le terrain afin de mieux repr\u00e9senter l&rsquo;analyse de march\u00e9 pour la strat\u00e9gie d&rsquo;internationalisation de l&rsquo;entreprise ;<\/span><\/li>\n<li><span style=\"font-weight: 400;\">cr\u00e9er une image de marque localis\u00e9e qui peut faciliter la contractualisation d&rsquo;accords de partenariat \u00e0 un stade ult\u00e9rieur.<\/span><\/li>\n<\/ul>\n\t\t\t\t\t\t\t\t<\/div>\n\t\t\t\t<\/div>\n\t\t\t\t<div class=\"elementor-element elementor-element-86452b1 elementor-widget elementor-widget-spacer\" data-id=\"86452b1\" data-element_type=\"widget\" data-e-type=\"widget\" data-widget_type=\"spacer.default\">\n\t\t\t\t<div class=\"elementor-widget-container\">\n\t\t\t\t\t\t\t<div class=\"elementor-spacer\">\n\t\t\t<div class=\"elementor-spacer-inner\"><\/div>\n\t\t<\/div>\n\t\t\t\t\t\t<\/div>\n\t\t\t\t<\/div>\n\t\t\t\t\t<\/div>\n\t\t<\/div>\n\t\t\t\t\t<\/div>\n\t\t<\/section>\n\t\t\t\t<\/div>\n\t\t","protected":false},"excerpt":{"rendered":"<p>Le projet Reasy et l&rsquo;intelligence artificielle qui aide \u00e0 \u00e9tudier Avec Det. G05294 du 07\/05\/2024 publi\u00e9 dans le BUR Lazio 38 du 09\/05\/2024, le Directeur de la Direction R\u00e9gionale du D\u00e9veloppement Economique, des Activit\u00e9s Productives et de la Recherche a approuv\u00e9 les listes des Projets admis, coh\u00e9rents et finan\u00e7ables ainsi que la subvention correspondante. Parmi [&hellip;]<\/p>\n","protected":false},"author":3,"featured_media":0,"parent":0,"menu_order":0,"comment_status":"closed","ping_status":"closed","template":"","meta":{"footnotes":""},"class_list":["post-2658","page","type-page","status-publish","hentry"],"yoast_head":"<!-- This site is optimized with the Yoast SEO plugin v26.8 - https:\/\/yoast.com\/product\/yoast-seo-wordpress\/ -->\n<title>Bon i18n - Tech4All<\/title>\n<meta name=\"robots\" content=\"index, follow, max-snippet:-1, max-image-preview:large, max-video-preview:-1\" \/>\n<link rel=\"canonical\" href=\"https:\/\/tech4all.ai\/fr\/bon-i18n\/\" \/>\n<meta property=\"og:locale\" content=\"fr_FR\" \/>\n<meta property=\"og:type\" content=\"article\" \/>\n<meta property=\"og:title\" content=\"Bon i18n - Tech4All\" \/>\n<meta property=\"og:description\" content=\"Le projet Reasy et l&rsquo;intelligence artificielle qui aide \u00e0 \u00e9tudier Avec Det. G05294 du 07\/05\/2024 publi\u00e9 dans le BUR Lazio 38 du 09\/05\/2024, le Directeur de la Direction R\u00e9gionale du D\u00e9veloppement Economique, des Activit\u00e9s Productives et de la Recherche a approuv\u00e9 les listes des Projets admis, coh\u00e9rents et finan\u00e7ables ainsi que la subvention correspondante. Parmi [&hellip;]\" \/>\n<meta property=\"og:url\" content=\"https:\/\/tech4all.ai\/fr\/bon-i18n\/\" \/>\n<meta property=\"og:site_name\" content=\"Tech4All\" \/>\n<meta property=\"article:modified_time\" content=\"2024-08-06T09:35:18+00:00\" \/>\n<meta property=\"og:image\" content=\"https:\/\/tech4all.ai\/wp-content\/uploads\/2024\/08\/Blocco_Fondi_europei_positivo-1024x73.jpg\" \/>\n<meta name=\"twitter:card\" content=\"summary_large_image\" \/>\n<meta name=\"twitter:label1\" content=\"Dur\u00e9e de lecture estim\u00e9e\" \/>\n\t<meta name=\"twitter:data1\" content=\"2 minutes\" \/>\n<script type=\"application\/ld+json\" class=\"yoast-schema-graph\">{\"@context\":\"https:\/\/schema.org\",\"@graph\":[{\"@type\":\"WebPage\",\"@id\":\"https:\/\/tech4all.ai\/fr\/bon-i18n\/\",\"url\":\"https:\/\/tech4all.ai\/fr\/bon-i18n\/\",\"name\":\"Bon i18n - Tech4All\",\"isPartOf\":{\"@id\":\"https:\/\/tech4all.ai\/fr\/#website\"},\"primaryImageOfPage\":{\"@id\":\"https:\/\/tech4all.ai\/fr\/bon-i18n\/#primaryimage\"},\"image\":{\"@id\":\"https:\/\/tech4all.ai\/fr\/bon-i18n\/#primaryimage\"},\"thumbnailUrl\":\"https:\/\/tech4all.ai\/wp-content\/uploads\/2024\/08\/Blocco_Fondi_europei_positivo-1024x73.jpg\",\"datePublished\":\"2024-08-06T09:33:26+00:00\",\"dateModified\":\"2024-08-06T09:35:18+00:00\",\"breadcrumb\":{\"@id\":\"https:\/\/tech4all.ai\/fr\/bon-i18n\/#breadcrumb\"},\"inLanguage\":\"fr-FR\",\"potentialAction\":[{\"@type\":\"ReadAction\",\"target\":[\"https:\/\/tech4all.ai\/fr\/bon-i18n\/\"]}]},{\"@type\":\"ImageObject\",\"inLanguage\":\"fr-FR\",\"@id\":\"https:\/\/tech4all.ai\/fr\/bon-i18n\/#primaryimage\",\"url\":\"https:\/\/tech4all.ai\/wp-content\/uploads\/2024\/08\/Blocco_Fondi_europei_positivo-1024x73.jpg\",\"contentUrl\":\"https:\/\/tech4all.ai\/wp-content\/uploads\/2024\/08\/Blocco_Fondi_europei_positivo-1024x73.jpg\"},{\"@type\":\"BreadcrumbList\",\"@id\":\"https:\/\/tech4all.ai\/fr\/bon-i18n\/#breadcrumb\",\"itemListElement\":[{\"@type\":\"ListItem\",\"position\":1,\"name\":\"Home\",\"item\":\"https:\/\/tech4all.ai\/fr\/\"},{\"@type\":\"ListItem\",\"position\":2,\"name\":\"Bon i18n\"}]},{\"@type\":\"WebSite\",\"@id\":\"https:\/\/tech4all.ai\/fr\/#website\",\"url\":\"https:\/\/tech4all.ai\/fr\/\",\"name\":\"Tech4All\",\"description\":\"Tecnologie per l&#039;inclusione degli studenti con Dislessia\",\"publisher\":{\"@id\":\"https:\/\/tech4all.ai\/fr\/#organization\"},\"potentialAction\":[{\"@type\":\"SearchAction\",\"target\":{\"@type\":\"EntryPoint\",\"urlTemplate\":\"https:\/\/tech4all.ai\/fr\/?s={search_term_string}\"},\"query-input\":{\"@type\":\"PropertyValueSpecification\",\"valueRequired\":true,\"valueName\":\"search_term_string\"}}],\"inLanguage\":\"fr-FR\"},{\"@type\":\"Organization\",\"@id\":\"https:\/\/tech4all.ai\/fr\/#organization\",\"name\":\"Tech4All\",\"url\":\"https:\/\/tech4all.ai\/fr\/\",\"logo\":{\"@type\":\"ImageObject\",\"inLanguage\":\"fr-FR\",\"@id\":\"https:\/\/tech4all.ai\/fr\/#\/schema\/logo\/image\/\",\"url\":\"https:\/\/tech4all.ai\/wp-content\/uploads\/2022\/07\/Tech4All-logo-esteso.png\",\"contentUrl\":\"https:\/\/tech4all.ai\/wp-content\/uploads\/2022\/07\/Tech4All-logo-esteso.png\",\"width\":1200,\"height\":385,\"caption\":\"Tech4All\"},\"image\":{\"@id\":\"https:\/\/tech4all.ai\/fr\/#\/schema\/logo\/image\/\"}}]}<\/script>\n<!-- \/ Yoast SEO plugin. -->","yoast_head_json":{"title":"Bon i18n - Tech4All","robots":{"index":"index","follow":"follow","max-snippet":"max-snippet:-1","max-image-preview":"max-image-preview:large","max-video-preview":"max-video-preview:-1"},"canonical":"https:\/\/tech4all.ai\/fr\/bon-i18n\/","og_locale":"fr_FR","og_type":"article","og_title":"Bon i18n - Tech4All","og_description":"Le projet Reasy et l&rsquo;intelligence artificielle qui aide \u00e0 \u00e9tudier Avec Det. G05294 du 07\/05\/2024 publi\u00e9 dans le BUR Lazio 38 du 09\/05\/2024, le Directeur de la Direction R\u00e9gionale du D\u00e9veloppement Economique, des Activit\u00e9s Productives et de la Recherche a approuv\u00e9 les listes des Projets admis, coh\u00e9rents et finan\u00e7ables ainsi que la subvention correspondante. Parmi [&hellip;]","og_url":"https:\/\/tech4all.ai\/fr\/bon-i18n\/","og_site_name":"Tech4All","article_modified_time":"2024-08-06T09:35:18+00:00","og_image":[{"url":"https:\/\/tech4all.ai\/wp-content\/uploads\/2024\/08\/Blocco_Fondi_europei_positivo-1024x73.jpg","type":"","width":"","height":""}],"twitter_card":"summary_large_image","twitter_misc":{"Dur\u00e9e de lecture estim\u00e9e":"2 minutes"},"schema":{"@context":"https:\/\/schema.org","@graph":[{"@type":"WebPage","@id":"https:\/\/tech4all.ai\/fr\/bon-i18n\/","url":"https:\/\/tech4all.ai\/fr\/bon-i18n\/","name":"Bon i18n - Tech4All","isPartOf":{"@id":"https:\/\/tech4all.ai\/fr\/#website"},"primaryImageOfPage":{"@id":"https:\/\/tech4all.ai\/fr\/bon-i18n\/#primaryimage"},"image":{"@id":"https:\/\/tech4all.ai\/fr\/bon-i18n\/#primaryimage"},"thumbnailUrl":"https:\/\/tech4all.ai\/wp-content\/uploads\/2024\/08\/Blocco_Fondi_europei_positivo-1024x73.jpg","datePublished":"2024-08-06T09:33:26+00:00","dateModified":"2024-08-06T09:35:18+00:00","breadcrumb":{"@id":"https:\/\/tech4all.ai\/fr\/bon-i18n\/#breadcrumb"},"inLanguage":"fr-FR","potentialAction":[{"@type":"ReadAction","target":["https:\/\/tech4all.ai\/fr\/bon-i18n\/"]}]},{"@type":"ImageObject","inLanguage":"fr-FR","@id":"https:\/\/tech4all.ai\/fr\/bon-i18n\/#primaryimage","url":"https:\/\/tech4all.ai\/wp-content\/uploads\/2024\/08\/Blocco_Fondi_europei_positivo-1024x73.jpg","contentUrl":"https:\/\/tech4all.ai\/wp-content\/uploads\/2024\/08\/Blocco_Fondi_europei_positivo-1024x73.jpg"},{"@type":"BreadcrumbList","@id":"https:\/\/tech4all.ai\/fr\/bon-i18n\/#breadcrumb","itemListElement":[{"@type":"ListItem","position":1,"name":"Home","item":"https:\/\/tech4all.ai\/fr\/"},{"@type":"ListItem","position":2,"name":"Bon i18n"}]},{"@type":"WebSite","@id":"https:\/\/tech4all.ai\/fr\/#website","url":"https:\/\/tech4all.ai\/fr\/","name":"Tech4All","description":"Tecnologie per l&#039;inclusione degli studenti con Dislessia","publisher":{"@id":"https:\/\/tech4all.ai\/fr\/#organization"},"potentialAction":[{"@type":"SearchAction","target":{"@type":"EntryPoint","urlTemplate":"https:\/\/tech4all.ai\/fr\/?s={search_term_string}"},"query-input":{"@type":"PropertyValueSpecification","valueRequired":true,"valueName":"search_term_string"}}],"inLanguage":"fr-FR"},{"@type":"Organization","@id":"https:\/\/tech4all.ai\/fr\/#organization","name":"Tech4All","url":"https:\/\/tech4all.ai\/fr\/","logo":{"@type":"ImageObject","inLanguage":"fr-FR","@id":"https:\/\/tech4all.ai\/fr\/#\/schema\/logo\/image\/","url":"https:\/\/tech4all.ai\/wp-content\/uploads\/2022\/07\/Tech4All-logo-esteso.png","contentUrl":"https:\/\/tech4all.ai\/wp-content\/uploads\/2022\/07\/Tech4All-logo-esteso.png","width":1200,"height":385,"caption":"Tech4All"},"image":{"@id":"https:\/\/tech4all.ai\/fr\/#\/schema\/logo\/image\/"}}]}},"_links":{"self":[{"href":"https:\/\/tech4all.ai\/fr\/wp-json\/wp\/v2\/pages\/2658","targetHints":{"allow":["GET"]}}],"collection":[{"href":"https:\/\/tech4all.ai\/fr\/wp-json\/wp\/v2\/pages"}],"about":[{"href":"https:\/\/tech4all.ai\/fr\/wp-json\/wp\/v2\/types\/page"}],"author":[{"embeddable":true,"href":"https:\/\/tech4all.ai\/fr\/wp-json\/wp\/v2\/users\/3"}],"replies":[{"embeddable":true,"href":"https:\/\/tech4all.ai\/fr\/wp-json\/wp\/v2\/comments?post=2658"}],"version-history":[{"count":2,"href":"https:\/\/tech4all.ai\/fr\/wp-json\/wp\/v2\/pages\/2658\/revisions"}],"predecessor-version":[{"id":2666,"href":"https:\/\/tech4all.ai\/fr\/wp-json\/wp\/v2\/pages\/2658\/revisions\/2666"}],"wp:attachment":[{"href":"https:\/\/tech4all.ai\/fr\/wp-json\/wp\/v2\/media?parent=2658"}],"curies":[{"name":"wp","href":"https:\/\/api.w.org\/{rel}","templated":true}]}}